{"id":1016,"date":"2020-08-06T10:51:53","date_gmt":"2020-08-06T08:51:53","guid":{"rendered":"http:\/\/warsztatywyobrazni.com.pl\/?page_id=1016"},"modified":"2020-09-25T08:19:26","modified_gmt":"2020-09-25T06:19:26","slug":"graphics-of-poznan","status":"publish","type":"page","link":"https:\/\/warsztatywyobrazni.com.pl\/en\/framing-process\/sztuka-wspolczesna\/graphics-of-poznan\/","title":{"rendered":"Graphics of Pozna\u0144"},"content":{"rendered":"\t\t<div data-elementor-type=\"wp-page\" data-elementor-id=\"1016\" class=\"elementor elementor-1016 elementor-239\" data-elementor-post-type=\"page\">\n\t\t\t\t\t\t<section class=\"elementor-section elementor-top-section elementor-element elementor-element-5372e1a elementor-section-full_width elementor-section-height-default elementor-section-height-default\" data-id=\"5372e1a\" data-element_type=\"section\" data-e-type=\"section\">\n\t\t\t\t\t\t<div class=\"elementor-container elementor-column-gap-default\">\n\t\t\t\t\t<div class=\"elementor-column elementor-col-100 elementor-top-column elementor-element elementor-element-614c27b\" data-id=\"614c27b\" data-element_type=\"column\" data-e-type=\"column\">\n\t\t\t<div class=\"elementor-widget-wrap elementor-element-populated\">\n\t\t\t\t\t\t<div class=\"elementor-element elementor-element-be29b09 elementor-widget elementor-widget-heading\" data-id=\"be29b09\" data-element_type=\"widget\" data-e-type=\"widget\" data-widget_type=\"heading.default\">\n\t\t\t\t<div class=\"elementor-widget-container\">\n\t\t\t\t\t<h2 class=\"elementor-heading-title elementor-size-default\"> Graphics of Pozna\u0144<\/h2>\t\t\t\t<\/div>\n\t\t\t\t<\/div>\n\t\t\t\t\t<\/div>\n\t\t<\/div>\n\t\t\t\t\t<\/div>\n\t\t<\/section>\n\t\t\t\t<section class=\"elementor-section elementor-top-section elementor-element elementor-element-7c404a9 elementor-section-full_width elementor-section-height-default elementor-section-height-default\" data-id=\"7c404a9\" data-element_type=\"section\" data-e-type=\"section\">\n\t\t\t\t\t\t<div class=\"elementor-container elementor-column-gap-default\">\n\t\t\t\t\t<div class=\"elementor-column elementor-col-50 elementor-top-column elementor-element elementor-element-6a0fbdc\" data-id=\"6a0fbdc\" data-element_type=\"column\" data-e-type=\"column\">\n\t\t\t<div class=\"elementor-widget-wrap elementor-element-populated\">\n\t\t\t\t\t\t<div class=\"elementor-element elementor-element-11699cb elementor-widget elementor-widget-text-editor\" data-id=\"11699cb\" data-element_type=\"widget\" data-e-type=\"widget\" data-widget_type=\"text-editor.default\">\n\t\t\t\t<div class=\"elementor-widget-container\">\n\t\t\t\t\t\t\t\t\t<p>Pozna\u0144, a city worth discovering \u2013 our city in various artistic shots. In addition to the graphics with pictures of the capital of Wielkopolska province, in our gallery you will also find posters by Ryszard Kaja related to Pozna\u0144 and other original works that we create in our studio \u2013 for example, framed casts with the coat of arms of Pozna\u0144.<\/p>\n\t\t\t\t\t\t\t\t<\/div>\n\t\t\t\t<\/div>\n\t\t\t\t\t<\/div>\n\t\t<\/div>\n\t\t\t\t<div class=\"elementor-column elementor-col-50 elementor-top-column elementor-element elementor-element-6063e7d\" data-id=\"6063e7d\" data-element_type=\"column\" data-e-type=\"column\">\n\t\t\t<div class=\"elementor-widget-wrap\">\n\t\t\t\t\t\t\t<\/div>\n\t\t<\/div>\n\t\t\t\t\t<\/div>\n\t\t<\/section>\n\t\t\t\t<section class=\"elementor-section elementor-top-section elementor-element elementor-element-b378c81 elementor-section-full_width elementor-section-height-default elementor-section-height-default\" data-id=\"b378c81\" data-element_type=\"section\" data-e-type=\"section\">\n\t\t\t\t\t\t<div class=\"elementor-container elementor-column-gap-default\">\n\t\t\t\t\t<div class=\"elementor-column elementor-col-100 elementor-top-column elementor-element elementor-element-e85d39e\" data-id=\"e85d39e\" data-element_type=\"column\" data-e-type=\"column\">\n\t\t\t<div class=\"elementor-widget-wrap elementor-element-populated\">\n\t\t\t\t\t\t<div class=\"elementor-element elementor-element-45d6189 elementor-widget elementor-widget-shortcode\" data-id=\"45d6189\" data-element_type=\"widget\" data-e-type=\"widget\" data-widget_type=\"shortcode.default\">\n\t\t\t\t<div class=\"elementor-widget-container\">\n\t\t\t\t\t    <div class=\"projectsHolder\">\n                    <div class=\"singleProject\">\n                <a href=\"https:\/\/warsztatywyobrazni.com.pl\/wp-content\/uploads\/2020\/07\/01-768x768.jpg\" class=\"fancybox image\" rel=\"gallery-0\">\n                    <img decoding=\"async\" src=\"https:\/\/warsztatywyobrazni.com.pl\/wp-content\/uploads\/2020\/07\/01-768x768.jpg\" style=\"object-fit: cover\">\n                <\/a>\n                <div class=\"singleProject__text\">\n                    <p><\/p>\n                    <p><\/p>\n                    <p><\/p>\n                    <p><\/p>\n                <\/div>\n            <\/div>\n                    <div class=\"singleProject\">\n                <a href=\"https:\/\/warsztatywyobrazni.com.pl\/wp-content\/uploads\/2020\/07\/02-768x768.jpg\" class=\"fancybox image\" rel=\"gallery-0\">\n                    <img decoding=\"async\" src=\"https:\/\/warsztatywyobrazni.com.pl\/wp-content\/uploads\/2020\/07\/02-768x768.jpg\" style=\"object-fit: cover\">\n                <\/a>\n                <div class=\"singleProject__text\">\n                    <p><\/p>\n                    <p><\/p>\n                    <p><\/p>\n                    <p><\/p>\n                <\/div>\n            <\/div>\n                    <div class=\"singleProject\">\n                <a href=\"https:\/\/warsztatywyobrazni.com.pl\/wp-content\/uploads\/2020\/07\/03-768x768.jpg\" class=\"fancybox image\" rel=\"gallery-0\">\n                    <img decoding=\"async\" src=\"https:\/\/warsztatywyobrazni.com.pl\/wp-content\/uploads\/2020\/07\/03-768x768.jpg\" style=\"object-fit: cover\">\n                <\/a>\n                <div class=\"singleProject__text\">\n                    <p><\/p>\n                    <p><\/p>\n                    <p><\/p>\n                    <p><\/p>\n                <\/div>\n            <\/div>\n                    <div class=\"singleProject\">\n                <a href=\"https:\/\/warsztatywyobrazni.com.pl\/wp-content\/uploads\/2020\/07\/04-768x768.jpg\" class=\"fancybox image\" rel=\"gallery-0\">\n                    <img decoding=\"async\" src=\"https:\/\/warsztatywyobrazni.com.pl\/wp-content\/uploads\/2020\/07\/04-768x768.jpg\" style=\"object-fit: cover\">\n                <\/a>\n                <div class=\"singleProject__text\">\n                    <p><\/p>\n                    <p><\/p>\n                    <p><\/p>\n                    <p><\/p>\n                <\/div>\n            <\/div>\n                    <div class=\"singleProject\">\n                <a href=\"https:\/\/warsztatywyobrazni.com.pl\/wp-content\/uploads\/2020\/07\/05-768x768.jpg\" class=\"fancybox image\" rel=\"gallery-0\">\n                    <img decoding=\"async\" src=\"https:\/\/warsztatywyobrazni.com.pl\/wp-content\/uploads\/2020\/07\/05-768x768.jpg\" style=\"object-fit: cover\">\n                <\/a>\n                <div class=\"singleProject__text\">\n                    <p><\/p>\n                    <p><\/p>\n                    <p><\/p>\n                    <p><\/p>\n                <\/div>\n            <\/div>\n                    <div class=\"singleProject\">\n                <a href=\"https:\/\/warsztatywyobrazni.com.pl\/wp-content\/uploads\/2020\/07\/06-768x768.jpg\" class=\"fancybox image\" rel=\"gallery-0\">\n                    <img decoding=\"async\" src=\"https:\/\/warsztatywyobrazni.com.pl\/wp-content\/uploads\/2020\/07\/06-768x768.jpg\" style=\"object-fit: cover\">\n                <\/a>\n                <div class=\"singleProject__text\">\n                    <p><\/p>\n                    <p><\/p>\n                    <p><\/p>\n                    <p><\/p>\n                <\/div>\n            <\/div>\n                    <div class=\"singleProject\">\n                <a href=\"https:\/\/warsztatywyobrazni.com.pl\/wp-content\/uploads\/2020\/07\/07-768x768.jpg\" class=\"fancybox image\" rel=\"gallery-0\">\n                    <img decoding=\"async\" src=\"https:\/\/warsztatywyobrazni.com.pl\/wp-content\/uploads\/2020\/07\/07-768x768.jpg\" style=\"object-fit: cover\">\n                <\/a>\n                <div class=\"singleProject__text\">\n                    <p><\/p>\n                    <p><\/p>\n                    <p><\/p>\n                    <p><\/p>\n                <\/div>\n            <\/div>\n                    <div class=\"singleProject\">\n                <a href=\"https:\/\/warsztatywyobrazni.com.pl\/wp-content\/uploads\/2020\/07\/08-768x768.jpg\" class=\"fancybox image\" rel=\"gallery-0\">\n                    <img decoding=\"async\" src=\"https:\/\/warsztatywyobrazni.com.pl\/wp-content\/uploads\/2020\/07\/08-768x768.jpg\" style=\"object-fit: cover\">\n                <\/a>\n                <div class=\"singleProject__text\">\n                    <p><\/p>\n                    <p><\/p>\n                    <p><\/p>\n                    <p><\/p>\n                <\/div>\n            <\/div>\n                    <div class=\"singleProject\">\n                <a href=\"https:\/\/warsztatywyobrazni.com.pl\/wp-content\/uploads\/2020\/07\/09-768x768.jpg\" class=\"fancybox image\" rel=\"gallery-0\">\n                    <img decoding=\"async\" src=\"https:\/\/warsztatywyobrazni.com.pl\/wp-content\/uploads\/2020\/07\/09-768x768.jpg\" style=\"object-fit: cover\">\n                <\/a>\n                <div class=\"singleProject__text\">\n                    <p><\/p>\n                    <p><\/p>\n                    <p><\/p>\n                    <p><\/p>\n                <\/div>\n            <\/div>\n                    <div class=\"singleProject\">\n                <a href=\"https:\/\/warsztatywyobrazni.com.pl\/wp-content\/uploads\/2020\/07\/10-768x768.jpg\" class=\"fancybox image\" rel=\"gallery-0\">\n                    <img decoding=\"async\" src=\"https:\/\/warsztatywyobrazni.com.pl\/wp-content\/uploads\/2020\/07\/10-768x768.jpg\" style=\"object-fit: cover\">\n                <\/a>\n                <div class=\"singleProject__text\">\n                    <p><\/p>\n                    <p><\/p>\n                    <p><\/p>\n                    <p><\/p>\n                <\/div>\n            <\/div>\n                    <div class=\"singleProject\">\n                <a href=\"https:\/\/warsztatywyobrazni.com.pl\/wp-content\/uploads\/2020\/07\/HERB-2-768x768.png\" class=\"fancybox image\" rel=\"gallery-0\">\n                    <img decoding=\"async\" src=\"https:\/\/warsztatywyobrazni.com.pl\/wp-content\/uploads\/2020\/07\/HERB-2-768x768.png\" style=\"object-fit: cover\">\n                <\/a>\n                <div class=\"singleProject__text\">\n                    <p><\/p>\n                    <p><\/p>\n                    <p><\/p>\n                    <p><\/p>\n                <\/div>\n            <\/div>\n                    <div class=\"singleProject\">\n                <a href=\"https:\/\/warsztatywyobrazni.com.pl\/wp-content\/uploads\/2020\/07\/HERB_2-1-768x768.png\" class=\"fancybox image\" rel=\"gallery-0\">\n                    <img decoding=\"async\" src=\"https:\/\/warsztatywyobrazni.com.pl\/wp-content\/uploads\/2020\/07\/HERB_2-1-768x768.png\" style=\"object-fit: cover\">\n                <\/a>\n                <div class=\"singleProject__text\">\n                    <p><\/p>\n                    <p><\/p>\n                    <p><\/p>\n                    <p><\/p>\n                <\/div>\n            <\/div>\n                    <div class=\"singleProject\">\n                <a href=\"https:\/\/warsztatywyobrazni.com.pl\/wp-content\/uploads\/2020\/07\/IMG_9840-768x768.png\" class=\"fancybox image\" rel=\"gallery-0\">\n                    <img decoding=\"async\" src=\"https:\/\/warsztatywyobrazni.com.pl\/wp-content\/uploads\/2020\/07\/IMG_9840-768x768.png\" style=\"object-fit: cover\">\n                <\/a>\n                <div class=\"singleProject__text\">\n                    <p><\/p>\n                    <p><\/p>\n                    <p><\/p>\n                    <p><\/p>\n                <\/div>\n            <\/div>\n                    <div class=\"singleProject\">\n                <a href=\"https:\/\/warsztatywyobrazni.com.pl\/wp-content\/uploads\/2020\/07\/PLAKAT-1-768x768.png\" class=\"fancybox image\" rel=\"gallery-0\">\n                    <img decoding=\"async\" src=\"https:\/\/warsztatywyobrazni.com.pl\/wp-content\/uploads\/2020\/07\/PLAKAT-1-768x768.png\" style=\"object-fit: cover\">\n                <\/a>\n                <div class=\"singleProject__text\">\n                    <p><\/p>\n                    <p><\/p>\n                    <p><\/p>\n                    <p><\/p>\n                <\/div>\n            <\/div>\n                    <div class=\"singleProject\">\n                <a href=\"https:\/\/warsztatywyobrazni.com.pl\/wp-content\/uploads\/2020\/07\/IMG_9844-768x768.png\" class=\"fancybox image\" rel=\"gallery-0\">\n                    <img decoding=\"async\" src=\"https:\/\/warsztatywyobrazni.com.pl\/wp-content\/uploads\/2020\/07\/IMG_9844-768x768.png\" style=\"object-fit: cover\">\n                <\/a>\n                <div class=\"singleProject__text\">\n                    <p><\/p>\n                    <p><\/p>\n                    <p><\/p>\n                    <p><\/p>\n                <\/div>\n            <\/div>\n            <\/div>\n\t\t<div class=\"elementor-shortcode\"><\/div>\n\t\t\t\t\t\t<\/div>\n\t\t\t\t<\/div>\n\t\t\t\t\t<\/div>\n\t\t<\/div>\n\t\t\t\t\t<\/div>\n\t\t<\/section>\n\t\t\t\t<\/div>\n\t\t","protected":false},"excerpt":{"rendered":"<p>Graphics of Pozna\u0144 Pozna\u0144, a city worth discovering \u2013 our city in various artistic shots. In addition to the graphics with pictures of the capital of Wielkopolska province, in our gallery you will also find posters by Ryszard Kaja related to Pozna\u0144 and other original works that we create in our studio \u2013 for example, [&hellip;]<\/p>\n","protected":false},"author":1,"featured_media":0,"parent":987,"menu_order":0,"comment_status":"closed","ping_status":"closed","template":"","meta":{"_acf_changed":false,"_exactmetrics_skip_tracking":false,"_exactmetrics_sitenote_active":false,"_exactmetrics_sitenote_note":"","_exactmetrics_sitenote_category":0,"footnotes":""},"class_list":["post-1016","page","type-page","status-publish","hentry"],"acf":[],"yoast_head":"<!-- This site is optimized with the Yoast SEO plugin v27.4 - https:\/\/yoast.com\/product\/yoast-seo-wordpress\/ -->\n<title>Graphics of Pozna\u0144 - Workshop on Imagery<\/title>\n<meta name=\"robots\" content=\"index, follow, max-snippet:-1, max-image-preview:large, max-video-preview:-1\" \/>\n<link rel=\"canonical\" href=\"https:\/\/warsztatywyobrazni.com.pl\/en\/framing-process\/sztuka-wspolczesna\/graphics-of-poznan\/\" \/>\n<meta property=\"og:locale\" content=\"en_US\" \/>\n<meta property=\"og:type\" content=\"article\" \/>\n<meta property=\"og:title\" content=\"Graphics of Pozna\u0144 - Workshop on Imagery\" \/>\n<meta property=\"og:description\" content=\"Graphics of Pozna\u0144 Pozna\u0144, a city worth discovering \u2013 our city in various artistic shots. In addition to the graphics with pictures of the capital of Wielkopolska province, in our gallery you will also find posters by Ryszard Kaja related to Pozna\u0144 and other original works that we create in our studio \u2013 for example, [&hellip;]\" \/>\n<meta property=\"og:url\" content=\"https:\/\/warsztatywyobrazni.com.pl\/en\/framing-process\/sztuka-wspolczesna\/graphics-of-poznan\/\" \/>\n<meta property=\"og:site_name\" content=\"Workshop on Imagery\" \/>\n<meta property=\"article:publisher\" content=\"https:\/\/www.facebook.com\/warsztatywyobrazni\" \/>\n<meta property=\"article:modified_time\" content=\"2020-09-25T06:19:26+00:00\" \/>\n<meta name=\"twitter:card\" content=\"summary_large_image\" \/>\n<script type=\"application\/ld+json\" class=\"yoast-schema-graph\">{\"@context\":\"https:\\\/\\\/schema.org\",\"@graph\":[{\"@type\":\"WebPage\",\"@id\":\"https:\\\/\\\/warsztatywyobrazni.com.pl\\\/en\\\/framing-process\\\/sztuka-wspolczesna\\\/graphics-of-poznan\\\/\",\"url\":\"https:\\\/\\\/warsztatywyobrazni.com.pl\\\/en\\\/framing-process\\\/sztuka-wspolczesna\\\/graphics-of-poznan\\\/\",\"name\":\"Graphics of Pozna\u0144 - Workshop on Imagery\",\"isPartOf\":{\"@id\":\"https:\\\/\\\/warsztatywyobrazni.com.pl\\\/en\\\/#website\"},\"datePublished\":\"2020-08-06T08:51:53+00:00\",\"dateModified\":\"2020-09-25T06:19:26+00:00\",\"breadcrumb\":{\"@id\":\"https:\\\/\\\/warsztatywyobrazni.com.pl\\\/en\\\/framing-process\\\/sztuka-wspolczesna\\\/graphics-of-poznan\\\/#breadcrumb\"},\"inLanguage\":\"en-US\",\"potentialAction\":[{\"@type\":\"ReadAction\",\"target\":[\"https:\\\/\\\/warsztatywyobrazni.com.pl\\\/en\\\/framing-process\\\/sztuka-wspolczesna\\\/graphics-of-poznan\\\/\"]}]},{\"@type\":\"BreadcrumbList\",\"@id\":\"https:\\\/\\\/warsztatywyobrazni.com.pl\\\/en\\\/framing-process\\\/sztuka-wspolczesna\\\/graphics-of-poznan\\\/#breadcrumb\",\"itemListElement\":[{\"@type\":\"ListItem\",\"position\":1,\"name\":\"Strona g\u0142\u00f3wna\",\"item\":\"https:\\\/\\\/warsztatywyobrazni.com.pl\\\/en\\\/\"},{\"@type\":\"ListItem\",\"position\":2,\"name\":\"FRAMING PROCESS\",\"item\":\"https:\\\/\\\/warsztatywyobrazni.com.pl\\\/en\\\/framing-process\\\/\"},{\"@type\":\"ListItem\",\"position\":3,\"name\":\"MODERN ART\",\"item\":\"https:\\\/\\\/warsztatywyobrazni.com.pl\\\/en\\\/proces-oprawy\\\/sztuka-wspolczesna\\\/\"},{\"@type\":\"ListItem\",\"position\":4,\"name\":\"Graphics of Pozna\u0144\"}]},{\"@type\":\"WebSite\",\"@id\":\"https:\\\/\\\/warsztatywyobrazni.com.pl\\\/en\\\/#website\",\"url\":\"https:\\\/\\\/warsztatywyobrazni.com.pl\\\/en\\\/\",\"name\":\"Workshop on Imagery\",\"description\":\"Galeria i Pracownia Oprawy od 1995 roku\",\"publisher\":{\"@id\":\"https:\\\/\\\/warsztatywyobrazni.com.pl\\\/en\\\/#organization\"},\"potentialAction\":[{\"@type\":\"SearchAction\",\"target\":{\"@type\":\"EntryPoint\",\"urlTemplate\":\"https:\\\/\\\/warsztatywyobrazni.com.pl\\\/en\\\/?s={search_term_string}\"},\"query-input\":{\"@type\":\"PropertyValueSpecification\",\"valueRequired\":true,\"valueName\":\"search_term_string\"}}],\"inLanguage\":\"en-US\"},{\"@type\":\"Organization\",\"@id\":\"https:\\\/\\\/warsztatywyobrazni.com.pl\\\/en\\\/#organization\",\"name\":\"Workshop on Imagery\",\"url\":\"https:\\\/\\\/warsztatywyobrazni.com.pl\\\/en\\\/\",\"logo\":{\"@type\":\"ImageObject\",\"inLanguage\":\"en-US\",\"@id\":\"https:\\\/\\\/warsztatywyobrazni.com.pl\\\/en\\\/#\\\/schema\\\/logo\\\/image\\\/\",\"url\":\"https:\\\/\\\/warsztatywyobrazni.com.pl\\\/wp-content\\\/uploads\\\/2022\\\/10\\\/Kopia-Kopia-Kopia-Kopia-Kopia-Przerwa-zimowa-do-21-marca-2020-2.jpg\",\"contentUrl\":\"https:\\\/\\\/warsztatywyobrazni.com.pl\\\/wp-content\\\/uploads\\\/2022\\\/10\\\/Kopia-Kopia-Kopia-Kopia-Kopia-Przerwa-zimowa-do-21-marca-2020-2.jpg\",\"width\":820,\"height\":312,\"caption\":\"Workshop on Imagery\"},\"image\":{\"@id\":\"https:\\\/\\\/warsztatywyobrazni.com.pl\\\/en\\\/#\\\/schema\\\/logo\\\/image\\\/\"},\"sameAs\":[\"https:\\\/\\\/www.facebook.com\\\/warsztatywyobrazni\",\"https:\\\/\\\/www.instagram.com\\\/warsztaty_wyobrazni\\\/\"]}]}<\/script>\n<!-- \/ Yoast SEO plugin. -->","yoast_head_json":{"title":"Graphics of Pozna\u0144 - Workshop on Imagery","robots":{"index":"index","follow":"follow","max-snippet":"max-snippet:-1","max-image-preview":"max-image-preview:large","max-video-preview":"max-video-preview:-1"},"canonical":"https:\/\/warsztatywyobrazni.com.pl\/en\/framing-process\/sztuka-wspolczesna\/graphics-of-poznan\/","og_locale":"en_US","og_type":"article","og_title":"Graphics of Pozna\u0144 - Workshop on Imagery","og_description":"Graphics of Pozna\u0144 Pozna\u0144, a city worth discovering \u2013 our city in various artistic shots. In addition to the graphics with pictures of the capital of Wielkopolska province, in our gallery you will also find posters by Ryszard Kaja related to Pozna\u0144 and other original works that we create in our studio \u2013 for example, [&hellip;]","og_url":"https:\/\/warsztatywyobrazni.com.pl\/en\/framing-process\/sztuka-wspolczesna\/graphics-of-poznan\/","og_site_name":"Workshop on Imagery","article_publisher":"https:\/\/www.facebook.com\/warsztatywyobrazni","article_modified_time":"2020-09-25T06:19:26+00:00","twitter_card":"summary_large_image","schema":{"@context":"https:\/\/schema.org","@graph":[{"@type":"WebPage","@id":"https:\/\/warsztatywyobrazni.com.pl\/en\/framing-process\/sztuka-wspolczesna\/graphics-of-poznan\/","url":"https:\/\/warsztatywyobrazni.com.pl\/en\/framing-process\/sztuka-wspolczesna\/graphics-of-poznan\/","name":"Graphics of Pozna\u0144 - Workshop on Imagery","isPartOf":{"@id":"https:\/\/warsztatywyobrazni.com.pl\/en\/#website"},"datePublished":"2020-08-06T08:51:53+00:00","dateModified":"2020-09-25T06:19:26+00:00","breadcrumb":{"@id":"https:\/\/warsztatywyobrazni.com.pl\/en\/framing-process\/sztuka-wspolczesna\/graphics-of-poznan\/#breadcrumb"},"inLanguage":"en-US","potentialAction":[{"@type":"ReadAction","target":["https:\/\/warsztatywyobrazni.com.pl\/en\/framing-process\/sztuka-wspolczesna\/graphics-of-poznan\/"]}]},{"@type":"BreadcrumbList","@id":"https:\/\/warsztatywyobrazni.com.pl\/en\/framing-process\/sztuka-wspolczesna\/graphics-of-poznan\/#breadcrumb","itemListElement":[{"@type":"ListItem","position":1,"name":"Strona g\u0142\u00f3wna","item":"https:\/\/warsztatywyobrazni.com.pl\/en\/"},{"@type":"ListItem","position":2,"name":"FRAMING PROCESS","item":"https:\/\/warsztatywyobrazni.com.pl\/en\/framing-process\/"},{"@type":"ListItem","position":3,"name":"MODERN ART","item":"https:\/\/warsztatywyobrazni.com.pl\/en\/proces-oprawy\/sztuka-wspolczesna\/"},{"@type":"ListItem","position":4,"name":"Graphics of Pozna\u0144"}]},{"@type":"WebSite","@id":"https:\/\/warsztatywyobrazni.com.pl\/en\/#website","url":"https:\/\/warsztatywyobrazni.com.pl\/en\/","name":"Workshop on Imagery","description":"Galeria i Pracownia Oprawy od 1995 roku","publisher":{"@id":"https:\/\/warsztatywyobrazni.com.pl\/en\/#organization"},"potentialAction":[{"@type":"SearchAction","target":{"@type":"EntryPoint","urlTemplate":"https:\/\/warsztatywyobrazni.com.pl\/en\/?s={search_term_string}"},"query-input":{"@type":"PropertyValueSpecification","valueRequired":true,"valueName":"search_term_string"}}],"inLanguage":"en-US"},{"@type":"Organization","@id":"https:\/\/warsztatywyobrazni.com.pl\/en\/#organization","name":"Workshop on Imagery","url":"https:\/\/warsztatywyobrazni.com.pl\/en\/","logo":{"@type":"ImageObject","inLanguage":"en-US","@id":"https:\/\/warsztatywyobrazni.com.pl\/en\/#\/schema\/logo\/image\/","url":"https:\/\/warsztatywyobrazni.com.pl\/wp-content\/uploads\/2022\/10\/Kopia-Kopia-Kopia-Kopia-Kopia-Przerwa-zimowa-do-21-marca-2020-2.jpg","contentUrl":"https:\/\/warsztatywyobrazni.com.pl\/wp-content\/uploads\/2022\/10\/Kopia-Kopia-Kopia-Kopia-Kopia-Przerwa-zimowa-do-21-marca-2020-2.jpg","width":820,"height":312,"caption":"Workshop on Imagery"},"image":{"@id":"https:\/\/warsztatywyobrazni.com.pl\/en\/#\/schema\/logo\/image\/"},"sameAs":["https:\/\/www.facebook.com\/warsztatywyobrazni","https:\/\/www.instagram.com\/warsztaty_wyobrazni\/"]}]}},"_links":{"self":[{"href":"https:\/\/warsztatywyobrazni.com.pl\/en\/wp-json\/wp\/v2\/pages\/1016","targetHints":{"allow":["GET"]}}],"collection":[{"href":"https:\/\/warsztatywyobrazni.com.pl\/en\/wp-json\/wp\/v2\/pages"}],"about":[{"href":"https:\/\/warsztatywyobrazni.com.pl\/en\/wp-json\/wp\/v2\/types\/page"}],"author":[{"embeddable":true,"href":"https:\/\/warsztatywyobrazni.com.pl\/en\/wp-json\/wp\/v2\/users\/1"}],"replies":[{"embeddable":true,"href":"https:\/\/warsztatywyobrazni.com.pl\/en\/wp-json\/wp\/v2\/comments?post=1016"}],"version-history":[{"count":1,"href":"https:\/\/warsztatywyobrazni.com.pl\/en\/wp-json\/wp\/v2\/pages\/1016\/revisions"}],"predecessor-version":[{"id":1620,"href":"https:\/\/warsztatywyobrazni.com.pl\/en\/wp-json\/wp\/v2\/pages\/1016\/revisions\/1620"}],"up":[{"embeddable":true,"href":"https:\/\/warsztatywyobrazni.com.pl\/en\/wp-json\/wp\/v2\/pages\/987"}],"wp:attachment":[{"href":"https:\/\/warsztatywyobrazni.com.pl\/en\/wp-json\/wp\/v2\/media?parent=1016"}],"curies":[{"name":"wp","href":"https:\/\/api.w.org\/{rel}","templated":true}]}}